{"id":19940,"date":"2019-12-05T08:59:16","date_gmt":"2019-12-05T08:59:16","guid":{"rendered":"https:\/\/www.portovenere.fr\/fr-fr\/?page_id=19940"},"modified":"2020-06-12T09:28:35","modified_gmt":"2020-06-12T08:28:35","slug":"politique-de-confidentialite-2","status":"publish","type":"page","link":"https:\/\/www.portovenere.fr\/fr-fr\/politique-de-confidentialite-2\/","title":{"rendered":"Politique de confidentialit\u00e9"},"content":{"rendered":"\t\t<div data-elementor-type=\"wp-page\" data-elementor-id=\"19940\" class=\"elementor elementor-19940\" data-elementor-post-type=\"page\">\n\t\t\t\t\t\t<section class=\"elementor-section elementor-top-section elementor-element elementor-element-7dc320e elementor-section-boxed elementor-section-height-default elementor-section-height-default\" data-id=\"7dc320e\" data-element_type=\"section\" data-e-type=\"section\">\n\t\t\t\t\t\t<div class=\"elementor-container elementor-column-gap-default\">\n\t\t\t\t\t<div class=\"elementor-column elementor-col-100 elementor-top-column elementor-element elementor-element-2e462ab\" data-id=\"2e462ab\" data-element_type=\"column\" data-e-type=\"column\">\n\t\t\t<div class=\"elementor-widget-wrap elementor-element-populated\">\n\t\t\t\t\t\t<div class=\"elementor-element elementor-element-2c60fef elementor-widget elementor-widget-heading\" data-id=\"2c60fef\" data-element_type=\"widget\" data-e-type=\"widget\" data-widget_type=\"heading.default\">\n\t\t\t\t<div class=\"elementor-widget-container\">\n\t\t\t\t\t<h2 class=\"elementor-heading-title elementor-size-default\">Politique de confidentialit\u00e9s des donn\u00e9es personnelles<\/h2>\t\t\t\t<\/div>\n\t\t\t\t<\/div>\n\t\t\t\t\t<\/div>\n\t\t<\/div>\n\t\t\t\t\t<\/div>\n\t\t<\/section>\n\t\t\t\t<section class=\"elementor-section elementor-top-section elementor-element elementor-element-3af0ce6 elementor-section-boxed elementor-section-height-default elementor-section-height-default\" data-id=\"3af0ce6\" data-element_type=\"section\" data-e-type=\"section\">\n\t\t\t\t\t\t<div class=\"elementor-container elementor-column-gap-default\">\n\t\t\t\t\t<div class=\"elementor-column elementor-col-100 elementor-top-column elementor-element elementor-element-d92fdb1\" data-id=\"d92fdb1\" data-element_type=\"column\" data-e-type=\"column\">\n\t\t\t<div class=\"elementor-widget-wrap elementor-element-populated\">\n\t\t\t\t\t\t<div class=\"elementor-element elementor-element-c6461e4 elementor-widget elementor-widget-text-editor\" data-id=\"c6461e4\" data-element_type=\"widget\" data-e-type=\"widget\" data-widget_type=\"text-editor.default\">\n\t\t\t\t<div class=\"elementor-widget-container\">\n\t\t\t\t\t\t\t\t\t<div class=\"textwidget\">\n<p>La&nbsp;<a href=\"https:\/\/www.cnil.fr\/fr\/comprendre-le-rgpd\" target=\"_blank\">nouvelle l\u00e9gislation \u00e0 port\u00e9e Europ\u00e9enne<\/a>&nbsp;destin\u00e9e \u00e0 une meilleure protection des donn\u00e9es personnelles (<a href=\"https:\/\/www.cnil.fr\/fr\/comprendre-le-rgpd\" target=\"_blank\">RGPD<\/a>) est entr\u00e9e en vigueur le 25 mai 2018.<\/p>\n<p><span style=\"background-color: transparent;\">En suivant cette r\u00e9glementation, il est important pour vous de savoir que les donn\u00e9es personnelles (nom, pr\u00e9nom, email et num\u00e9ro de t\u00e9l\u00e9phone) que vous nous avez confi\u00e9es sont consid\u00e9r\u00e9es avec le plus grand respect.<br><\/span><\/p>\n<p><span style=\"background-color: transparent;\">La&nbsp;<\/span><strong style=\"background-color: transparent;\">PROTECTION et le STOCKAGE S\u00c9CURIS\u00c9&nbsp;<\/strong><span style=\"background-color: transparent;\">de vos donn\u00e9es personnelles est notre priorit\u00e9 elle est r\u00e9guli\u00e8rement audit\u00e9e par le DPD (d\u00e9l\u00e9gu\u00e9 \u00e0 la protection des donn\u00e9es) de la soci\u00e9t\u00e9 : M. Carrodano.<\/span><br><\/p>\n<p><span style=\"background-color: transparent;\">&#8211; Elles sont \u00e9galement&nbsp;<\/span><strong style=\"background-color: transparent;\">NON CESSIBLES A DES TIERS<\/strong><span style=\"background-color: transparent;\">. Vous avez ainsi la garantie qu\u2019elles ne seront utilis\u00e9es que par la seule soci\u00e9t\u00e9 Porto Venere.<\/span><\/p>\n<p><span style=\"background-color: transparent;\">&#8211; Elles sont utilis\u00e9es uniquement dans l\u2019objectif de vous fournir&nbsp;<\/span><strong style=\"background-color: transparent;\">des INFORMATIONS COMMERCIALES et MARKETING&nbsp;<\/strong><span style=\"background-color: transparent;\">(information, promotion, \u00e9v\u00e9nement, nouveaut\u00e9\u2026).<\/span><\/p>\n<p><span style=\"background-color: transparent;\">&#8211; La&nbsp;<\/span><strong style=\"background-color: transparent;\">DUR\u00c9E DE CONSERVATION&nbsp;<\/strong><span style=\"background-color: transparent;\">de vos informations n&rsquo;exc\u00e9dera pas 3 ans apr\u00e8s la fin de notre relation commerciale.<\/span><\/p>\n<p><span style=\"background-color: transparent;\">&#8211; Vous pouvez \u00e0 tout moment demander \u00e0&nbsp;<\/span><span style=\"background-color: transparent;\">consulter<\/span><span style=\"background-color: transparent;\">, mettre \u00e0 jour ou supprimer vos informations de notre base de donn\u00e9es par un simple mail \u00e0&nbsp;<\/span><a href=\"mailto:contact@portovenere.fr\">contact@portovenere.fr<\/a><span style=\"background-color: transparent;\">. Tous les courriels d&rsquo;informations commerciales et marketing contiennent \u00e9galement un mail vous permettant de retirer votre consentement \u00e0 l&rsquo;usage de vos donn\u00e9es.<\/span><\/p>\n<\/div>\t\t\t\t\t\t\t\t<\/div>\n\t\t\t\t<\/div>\n\t\t\t\t\t<\/div>\n\t\t<\/div>\n\t\t\t\t\t<\/div>\n\t\t<\/section>\n\t\t\t\t<\/div>\n\t\t","protected":false},"excerpt":{"rendered":"<p>Retrouvez la politique de confidentialit\u00e9 de votre enseigne sp\u00e9cialis\u00e9e dans l&rsquo;am\u00e9nagement d&rsquo;espaces Porto Venere. Carrelage, cuisine, mobilier, dressing, d\u00e9co&#8230;<\/p>\n","protected":false},"author":2,"featured_media":0,"parent":0,"menu_order":0,"comment_status":"closed","ping_status":"closed","template":"","meta":{"_monsterinsights_skip_tracking":false,"_monsterinsights_sitenote_active":false,"_monsterinsights_sitenote_note":"","_monsterinsights_sitenote_category":0,"_uf_show_specific_survey":0,"_uf_disable_surveys":false,"footnotes":""},"class_list":["post-19940","page","type-page","status-publish","hentry"],"yoast_head":"<!-- This site is optimized with the Yoast SEO plugin v27.6 - https:\/\/yoast.com\/product\/yoast-seo-wordpress\/ -->\n<title>Politique de confidentialit\u00e9 - Porto Venere<\/title>\n<meta name=\"description\" content=\"Retrouvez la politique de confidentialit\u00e9 de votre enseigne sp\u00e9cialis\u00e9e dans l&#039;am\u00e9nagement d&#039;espaces Porto Venere. Carrelage, cuisine, mobilier, dressing,\" \/>\n<meta name=\"robots\" content=\"index, follow, max-snippet:-1, max-image-preview:large, max-video-preview:-1\" \/>\n<link rel=\"canonical\" href=\"https:\/\/www.portovenere.fr\/fr-fr\/politique-de-confidentialite-2\/\" \/>\n<meta property=\"og:locale\" content=\"fr_FR\" \/>\n<meta property=\"og:type\" content=\"article\" \/>\n<meta property=\"og:title\" content=\"Politique de confidentialit\u00e9 - Porto Venere\" \/>\n<meta property=\"og:description\" content=\"Retrouvez la politique de confidentialit\u00e9 de votre enseigne sp\u00e9cialis\u00e9e dans l&#039;am\u00e9nagement d&#039;espaces Porto Venere. Carrelage, cuisine, mobilier, dressing,\" \/>\n<meta property=\"og:url\" content=\"https:\/\/www.portovenere.fr\/fr-fr\/politique-de-confidentialite-2\/\" \/>\n<meta property=\"og:site_name\" content=\"Porto Venere\" \/>\n<meta property=\"article:publisher\" content=\"https:\/\/www.facebook.com\/portovenere34\/\" \/>\n<meta property=\"article:modified_time\" content=\"2020-06-12T08:28:35+00:00\" \/>\n<meta property=\"og:image\" content=\"https:\/\/www.portovenere.fr\/fr-fr\/wp-content\/uploads\/2019\/05\/logo3.png\" \/>\n\t<meta property=\"og:image:width\" content=\"388\" \/>\n\t<meta property=\"og:image:height\" content=\"120\" \/>\n\t<meta property=\"og:image:type\" content=\"image\/png\" \/>\n<meta name=\"twitter:card\" content=\"summary_large_image\" \/>\n<meta name=\"twitter:label1\" content=\"Dur\u00e9e de lecture estim\u00e9e\" \/>\n\t<meta name=\"twitter:data1\" content=\"1 minute\" \/>\n<script type=\"application\/ld+json\" class=\"yoast-schema-graph\">{\"@context\":\"https:\\\/\\\/schema.org\",\"@graph\":[{\"@type\":\"WebPage\",\"@id\":\"https:\\\/\\\/www.portovenere.fr\\\/fr-fr\\\/politique-de-confidentialite-2\\\/\",\"url\":\"https:\\\/\\\/www.portovenere.fr\\\/fr-fr\\\/politique-de-confidentialite-2\\\/\",\"name\":\"Politique de confidentialit\u00e9 - Porto Venere\",\"isPartOf\":{\"@id\":\"https:\\\/\\\/www.portovenere.fr\\\/fr-fr\\\/#website\"},\"datePublished\":\"2019-12-05T08:59:16+00:00\",\"dateModified\":\"2020-06-12T08:28:35+00:00\",\"description\":\"Retrouvez la politique de confidentialit\u00e9 de votre enseigne sp\u00e9cialis\u00e9e dans l'am\u00e9nagement d'espaces Porto Venere. Carrelage, cuisine, mobilier, dressing,\",\"breadcrumb\":{\"@id\":\"https:\\\/\\\/www.portovenere.fr\\\/fr-fr\\\/politique-de-confidentialite-2\\\/#breadcrumb\"},\"inLanguage\":\"fr-FR\",\"potentialAction\":[{\"@type\":\"ReadAction\",\"target\":[\"https:\\\/\\\/www.portovenere.fr\\\/fr-fr\\\/politique-de-confidentialite-2\\\/\"]}]},{\"@type\":\"BreadcrumbList\",\"@id\":\"https:\\\/\\\/www.portovenere.fr\\\/fr-fr\\\/politique-de-confidentialite-2\\\/#breadcrumb\",\"itemListElement\":[{\"@type\":\"ListItem\",\"position\":1,\"name\":\"Page d'accueil\",\"item\":\"https:\\\/\\\/www.portovenere.fr\\\/fr-fr\\\/\"},{\"@type\":\"ListItem\",\"position\":2,\"name\":\"Politique de confidentialit\u00e9\"}]},{\"@type\":\"WebSite\",\"@id\":\"https:\\\/\\\/www.portovenere.fr\\\/fr-fr\\\/#website\",\"url\":\"https:\\\/\\\/www.portovenere.fr\\\/fr-fr\\\/\",\"name\":\"Porto Venere\",\"description\":\"Magasin de carrelage, cuisine, salle de bain \u00e0 Montpellier dans l&#039;H\u00e9rault\",\"publisher\":{\"@id\":\"https:\\\/\\\/www.portovenere.fr\\\/fr-fr\\\/#organization\"},\"potentialAction\":[{\"@type\":\"SearchAction\",\"target\":{\"@type\":\"EntryPoint\",\"urlTemplate\":\"https:\\\/\\\/www.portovenere.fr\\\/fr-fr\\\/?s={search_term_string}\"},\"query-input\":{\"@type\":\"PropertyValueSpecification\",\"valueRequired\":true,\"valueName\":\"search_term_string\"}}],\"inLanguage\":\"fr-FR\"},{\"@type\":\"Organization\",\"@id\":\"https:\\\/\\\/www.portovenere.fr\\\/fr-fr\\\/#organization\",\"name\":\"Porto Venere - Carrelage Usine Center SARL\",\"url\":\"https:\\\/\\\/www.portovenere.fr\\\/fr-fr\\\/\",\"logo\":{\"@type\":\"ImageObject\",\"inLanguage\":\"fr-FR\",\"@id\":\"https:\\\/\\\/www.portovenere.fr\\\/fr-fr\\\/#\\\/schema\\\/logo\\\/image\\\/\",\"url\":\"https:\\\/\\\/www.portovenere.fr\\\/fr-fr\\\/wp-content\\\/uploads\\\/2019\\\/05\\\/logo3.png\",\"contentUrl\":\"https:\\\/\\\/www.portovenere.fr\\\/fr-fr\\\/wp-content\\\/uploads\\\/2019\\\/05\\\/logo3.png\",\"width\":388,\"height\":120,\"caption\":\"Porto Venere - Carrelage Usine Center SARL\"},\"image\":{\"@id\":\"https:\\\/\\\/www.portovenere.fr\\\/fr-fr\\\/#\\\/schema\\\/logo\\\/image\\\/\"},\"sameAs\":[\"https:\\\/\\\/www.facebook.com\\\/portovenere34\\\/\",\"https:\\\/\\\/www.instagram.com\\\/porto.venere\\\/\",\"https:\\\/\\\/www.linkedin.com\\\/company\\\/porto-venere-montpellier\\\/\",\"https:\\\/\\\/www.pinterest.fr\\\/portovenere34\\\/\"]}]}<\/script>\n<!-- \/ Yoast SEO plugin. -->","yoast_head_json":{"title":"Politique de confidentialit\u00e9 - Porto Venere","description":"Retrouvez la politique de confidentialit\u00e9 de votre enseigne sp\u00e9cialis\u00e9e dans l'am\u00e9nagement d'espaces Porto Venere. Carrelage, cuisine, mobilier, dressing,","robots":{"index":"index","follow":"follow","max-snippet":"max-snippet:-1","max-image-preview":"max-image-preview:large","max-video-preview":"max-video-preview:-1"},"canonical":"https:\/\/www.portovenere.fr\/fr-fr\/politique-de-confidentialite-2\/","og_locale":"fr_FR","og_type":"article","og_title":"Politique de confidentialit\u00e9 - Porto Venere","og_description":"Retrouvez la politique de confidentialit\u00e9 de votre enseigne sp\u00e9cialis\u00e9e dans l'am\u00e9nagement d'espaces Porto Venere. Carrelage, cuisine, mobilier, dressing,","og_url":"https:\/\/www.portovenere.fr\/fr-fr\/politique-de-confidentialite-2\/","og_site_name":"Porto Venere","article_publisher":"https:\/\/www.facebook.com\/portovenere34\/","article_modified_time":"2020-06-12T08:28:35+00:00","og_image":[{"width":388,"height":120,"url":"https:\/\/www.portovenere.fr\/fr-fr\/wp-content\/uploads\/2019\/05\/logo3.png","type":"image\/png"}],"twitter_card":"summary_large_image","twitter_misc":{"Dur\u00e9e de lecture estim\u00e9e":"1 minute"},"schema":{"@context":"https:\/\/schema.org","@graph":[{"@type":"WebPage","@id":"https:\/\/www.portovenere.fr\/fr-fr\/politique-de-confidentialite-2\/","url":"https:\/\/www.portovenere.fr\/fr-fr\/politique-de-confidentialite-2\/","name":"Politique de confidentialit\u00e9 - Porto Venere","isPartOf":{"@id":"https:\/\/www.portovenere.fr\/fr-fr\/#website"},"datePublished":"2019-12-05T08:59:16+00:00","dateModified":"2020-06-12T08:28:35+00:00","description":"Retrouvez la politique de confidentialit\u00e9 de votre enseigne sp\u00e9cialis\u00e9e dans l'am\u00e9nagement d'espaces Porto Venere. Carrelage, cuisine, mobilier, dressing,","breadcrumb":{"@id":"https:\/\/www.portovenere.fr\/fr-fr\/politique-de-confidentialite-2\/#breadcrumb"},"inLanguage":"fr-FR","potentialAction":[{"@type":"ReadAction","target":["https:\/\/www.portovenere.fr\/fr-fr\/politique-de-confidentialite-2\/"]}]},{"@type":"BreadcrumbList","@id":"https:\/\/www.portovenere.fr\/fr-fr\/politique-de-confidentialite-2\/#breadcrumb","itemListElement":[{"@type":"ListItem","position":1,"name":"Page d'accueil","item":"https:\/\/www.portovenere.fr\/fr-fr\/"},{"@type":"ListItem","position":2,"name":"Politique de confidentialit\u00e9"}]},{"@type":"WebSite","@id":"https:\/\/www.portovenere.fr\/fr-fr\/#website","url":"https:\/\/www.portovenere.fr\/fr-fr\/","name":"Porto Venere","description":"Magasin de carrelage, cuisine, salle de bain \u00e0 Montpellier dans l&#039;H\u00e9rault","publisher":{"@id":"https:\/\/www.portovenere.fr\/fr-fr\/#organization"},"potentialAction":[{"@type":"SearchAction","target":{"@type":"EntryPoint","urlTemplate":"https:\/\/www.portovenere.fr\/fr-fr\/?s={search_term_string}"},"query-input":{"@type":"PropertyValueSpecification","valueRequired":true,"valueName":"search_term_string"}}],"inLanguage":"fr-FR"},{"@type":"Organization","@id":"https:\/\/www.portovenere.fr\/fr-fr\/#organization","name":"Porto Venere - Carrelage Usine Center SARL","url":"https:\/\/www.portovenere.fr\/fr-fr\/","logo":{"@type":"ImageObject","inLanguage":"fr-FR","@id":"https:\/\/www.portovenere.fr\/fr-fr\/#\/schema\/logo\/image\/","url":"https:\/\/www.portovenere.fr\/fr-fr\/wp-content\/uploads\/2019\/05\/logo3.png","contentUrl":"https:\/\/www.portovenere.fr\/fr-fr\/wp-content\/uploads\/2019\/05\/logo3.png","width":388,"height":120,"caption":"Porto Venere - Carrelage Usine Center SARL"},"image":{"@id":"https:\/\/www.portovenere.fr\/fr-fr\/#\/schema\/logo\/image\/"},"sameAs":["https:\/\/www.facebook.com\/portovenere34\/","https:\/\/www.instagram.com\/porto.venere\/","https:\/\/www.linkedin.com\/company\/porto-venere-montpellier\/","https:\/\/www.pinterest.fr\/portovenere34\/"]}]}},"_links":{"self":[{"href":"https:\/\/www.portovenere.fr\/fr-fr\/wp-json\/wp\/v2\/pages\/19940","targetHints":{"allow":["GET"]}}],"collection":[{"href":"https:\/\/www.portovenere.fr\/fr-fr\/wp-json\/wp\/v2\/pages"}],"about":[{"href":"https:\/\/www.portovenere.fr\/fr-fr\/wp-json\/wp\/v2\/types\/page"}],"author":[{"embeddable":true,"href":"https:\/\/www.portovenere.fr\/fr-fr\/wp-json\/wp\/v2\/users\/2"}],"replies":[{"embeddable":true,"href":"https:\/\/www.portovenere.fr\/fr-fr\/wp-json\/wp\/v2\/comments?post=19940"}],"version-history":[{"count":0,"href":"https:\/\/www.portovenere.fr\/fr-fr\/wp-json\/wp\/v2\/pages\/19940\/revisions"}],"wp:attachment":[{"href":"https:\/\/www.portovenere.fr\/fr-fr\/wp-json\/wp\/v2\/media?parent=19940"}],"curies":[{"name":"wp","href":"https:\/\/api.w.org\/{rel}","templated":true}]}}