{"id":5841,"date":"2019-05-06T13:45:02","date_gmt":"2019-05-06T13:45:02","guid":{"rendered":"https:\/\/www.portovenere.fr\/fr-fr\/?page_id=5841"},"modified":"2020-12-16T17:32:18","modified_gmt":"2020-12-16T16:32:18","slug":"porte-battante-a-galandage-et-coulissante-au-design-epure-beat","status":"publish","type":"page","link":"https:\/\/www.portovenere.fr\/fr-fr\/portes-interieures\/portes-battantes\/porte-battante-a-galandage-et-coulissante-au-design-epure-beat\/","title":{"rendered":"Porte battante, \u00e0 galandage et coulissante au design \u00e9pur\u00e9 BEAT"},"content":{"rendered":"<p><!--vcv no format--><\/p>\n<div class=\"vce-row-container\">\n<div id=\"el-aec8a09f\" class=\"vce-row vce-element--has-background vce-row--col-gap-30 vce-row-columns--top vce-row-content--top\" data-vce-full-width=\"true\" data-vce-stretch-content=\"true\" data-vce-do-apply=\"all el-aec8a09f\" data-vce-animate=\"vce-o-animate--fadeIn\">\n<div class=\"vce-content-background-container\"><\/div>\n<div class=\"vce-row-content\" data-vce-element-content=\"true\">\n<div id=\"el-d9eaed5a\" class=\"vce-col vce-col--md-auto vce-col--xs-1 vce-col--xs-last vce-col--xs-first vce-col--sm-last vce-col--sm-first vce-col--md-last vce-col--lg-last vce-col--xl-last vce-col--md-first vce-col--lg-first vce-col--xl-first\">\n<div class=\"vce-col-inner\" data-vce-do-apply=\"border margin background el-d9eaed5a\">\n<div class=\"vce-content-background-container\"><\/div>\n<div class=\"vce-col-content\" data-vce-element-content=\"true\" data-vce-do-apply=\"padding el-d9eaed5a\">\n<div class=\"vce-text-block\">\n<div id=\"el-eed1c7b1\" class=\"vce-text-block-wrapper vce\" data-vce-do-apply=\"all el-eed1c7b1\">\n<p><span style=\"font-size: 8pt; font-weight: 400; font-style: normal;\"><span style=\"color: #000000; font-family: Raleway;\"><a style=\"color: #000000;\" href=\"http:\/\/www.portovenere.fr\/fr-fr\/\">ACCUEIL<\/a>\u00a0 &gt; \u00a0<a href=\"https:\/\/www.portovenere.fr\/fr-fr\/portes-interieures\/\">PORTES INTERIEURES<\/a>\u00a0<\/span><\/span><\/p>\n<\/div>\n<\/div>\n<\/div>\n<\/div>\n<\/div>\n<\/div>\n<\/div>\n<\/div>\n<div class=\"vce-row-container\">\n<div id=\"el-8513e476\" class=\"vce-row vce-row--has-col-background vce-element--has-background vce-row--col-gap-30 vce-row-full-height vce-row-columns--top vce-row-content--middle\" data-vce-full-width=\"true\" data-vce-stretch-content=\"true\" data-vce-do-apply=\"all el-8513e476\">\n<div class=\"vce-content-background-container\">\n<div class=\"vce-asset-background-simple-container vce-visible-all-only vce-asset-background-simple--style-cover vce-asset-background-simple--position-center-center\">\n<div class=\"vce-asset-background-simple\">\n<div class=\"vce-asset-background-simple-item\" style=\"background-image: url('|!|vcvUploadUrl|!|\/2019\/05\/Porte-battante-design-en-verre-et-profil%C3%A9-aluminium-bronze-Beat.jpg');\"><\/div>\n<\/div>\n<\/div>\n<\/div>\n<div class=\"vce-row-content\" data-vce-element-content=\"true\">\n<div id=\"el-beee4f7a\" class=\"vce-col vce-element--has-background vce-col--md-40-18p vce-col--xs-1 vce-col--xs-last vce-col--xs-first vce-col--sm-last vce-col--sm-first vce-col--md-first vce-col--lg-first vce-col--xl-first\">\n<div class=\"vce-col-inner\" data-vce-do-apply=\"border margin background el-beee4f7a\">\n<div class=\"vce-content-background-container\"><\/div>\n<div class=\"vce-col-content\" data-vce-element-content=\"true\" data-vce-do-apply=\"padding el-beee4f7a\">\n<div class=\"vce-text-block\">\n<div id=\"el-010eba80\" class=\"vce-text-block-wrapper vce\" data-vce-do-apply=\"all el-010eba80\">\n<h2>Porte BEAT<\/h2>\n<p>Porte int\u00e9rieure d\u00e9clin\u00e9e en version battante, coulissante et coulissante \u00e0 galandage.<\/p>\n<div class=\"vce-text-block\">\n<div id=\"el-faca387d\" class=\"vce-text-block-wrapper vce\" data-vce-do-apply=\"all el-faca387d\">\n<p><a href=\"#description\">D\u00e9couvrir la gamme<\/a><\/p>\n<p><a href=\"#formats\">Formats et coloris<\/a><\/p>\n<p><a href=\"#caracteristiques\">Caract\u00e9ristiques techniques<\/a><\/p>\n<p><a href=\"#devis\">Demande de devis ou d&rsquo;\u00e9chantillons<\/a><\/p>\n<p><a href=\"#partager\">Partager<\/a><\/p>\n<\/div>\n<\/div>\n<\/div>\n<\/div>\n<\/div>\n<\/div>\n<\/div>\n<div id=\"el-6f3c4356\" class=\"vce-col vce-col--md-59-81p vce-col--xs-1 vce-col--xs-last vce-col--xs-first vce-col--sm-last vce-col--sm-first vce-col--md-last vce-col--lg-last vce-col--xl-last\">\n<div class=\"vce-col-inner\" data-vce-do-apply=\"border margin background el-6f3c4356\">\n<div class=\"vce-col-content\" data-vce-element-content=\"true\" data-vce-do-apply=\"padding el-6f3c4356\"><\/div>\n<\/div>\n<\/div>\n<\/div>\n<\/div>\n<\/div>\n<div class=\"vce-row-container\">\n<div id=\"el-a477d27c\" class=\"vce-row vce-element--has-background vce-row--col-gap-30 vce-row-columns--top vce-row-content--top\" data-vce-full-width=\"true\" data-vce-stretch-content=\"true\" data-vce-do-apply=\"all el-a477d27c\">\n<div class=\"vce-content-background-container\"><\/div>\n<div class=\"vce-row-content\" data-vce-element-content=\"true\">\n<div id=\"el-8bb07770\" class=\"vce-col vce-col--md-auto vce-col--xs-1 vce-col--xs-last vce-col--xs-first vce-col--sm-last vce-col--sm-first vce-col--md-last vce-col--lg-last vce-col--xl-last vce-col--md-first vce-col--lg-first vce-col--xl-first\">\n<div class=\"vce-col-inner\" data-vce-do-apply=\"border margin background el-8bb07770\" data-vce-animate=\"vce-o-animate--fadeIn\">\n<div class=\"vce-content-background-container\"><\/div>\n<div class=\"vce-col-content\" data-vce-element-content=\"true\" data-vce-do-apply=\"padding el-8bb07770\">\n<div class=\"vce-text-block\">\n<div id=\"el-9bcddbf1\" class=\"vce-text-block-wrapper vce\" data-vce-do-apply=\"all el-9bcddbf1\">\n<h3 style=\"text-align: left;\">Design. Technologie. Qualit\u00e9<\/h3>\n<p style=\"text-align: left;\"><span style=\"color: #808080;\">Fabriqu\u00e9 en Italie<\/span><\/p>\n<p style=\"text-align: left;\"><strong>Beat<\/strong> est une gamme de <strong>portes<\/strong> int\u00e9rieures au design \u00e9pur\u00e9 se d\u00e9clinant en porte <strong>battante<\/strong>, <strong>coulissante<\/strong> en applique ou rail au plafond, coulissante intra-mur \u00e0 <strong>galandage<\/strong>. Les multiples possibilit\u00e9s de configuration et sa fabrication <strong>sur-mesure<\/strong> permettent une adaptation parfaite \u00e0 votre int\u00e9rieur.<\/p>\n<hr \/>\n<\/div>\n<\/div>\n<\/div>\n<\/div>\n<\/div>\n<\/div>\n<\/div>\n<\/div>\n<div class=\"vce-row-container\">\n<div id=\"el-f2bceebc\" class=\"vce-row vce-element--has-background vce-row--col-gap-30 vce-row-columns--top vce-row-content--top\" data-vce-full-width=\"true\" data-vce-stretch-content=\"true\" data-vce-do-apply=\"all el-f2bceebc\">\n<div class=\"vce-content-background-container\"><\/div>\n<div class=\"vce-row-content\" data-vce-element-content=\"true\">\n<div id=\"el-62f95888\" class=\"vce-col vce-col--md-auto vce-col--xs-1 vce-col--xs-last vce-col--xs-first vce-col--sm-last vce-col--sm-first vce-col--md-last vce-col--lg-last vce-col--xl-last vce-col--md-first vce-col--lg-first vce-col--xl-first\">\n<div class=\"vce-col-inner\" data-vce-do-apply=\"border margin background el-62f95888\">\n<div class=\"vce-col-content\" data-vce-element-content=\"true\" data-vce-do-apply=\"padding el-62f95888\">\n<div class=\"vce-image-gallery-with-scaleup vce-image-gallery-with-scaleup--gap-10 vce-image-gallery-with-scaleup--columns-3\" data-photoswipe-gallery=\"0615c3bb\">\n<div id=\"el-0615c3bb\" class=\"vce vce-image-gallery-with-scaleup-wrapper\" data-vce-do-apply=\"all el-0615c3bb\" data-vce-animate=\"vce-o-animate--fadeIn\">\n<div class=\"vce-image-gallery-with-scaleup-list\">\n<div class=\"vce-image-gallery-with-scaleup-item\" data-photoswipe-item=\"photoswipe-0615c3bb\">\n<div class=\"vce-image-gallery-with-scaleup-item-inner-wrapper\"><a class=\"vce-image-gallery-with-scaleup-item-inner\" href=\"|!|vcvUploadUrl|!|\/2019\/05\/Porte-coulissante-Beat-cadre-en-aluminium-bois-et-verre-transparent.jpg\" data-photoswipe-image=\"0615c3bb\" data-photoswipe-index=\"0\" data-photoswipe-caption=\"Porte coulissante Beat profil\u00e9 en aluminium habillage bois et vitrage transparent\" data-pswp-uid=\"1\"><img decoding=\"async\" class=\"vce-image-gallery-with-scaleup-img vce-image-gallery-with-scaleup-img--orientation-portrait\" title=\"Porte coulissante Beat cadre en aluminium bois et verre transparent\" src=\"|!|vcvUploadUrl|!|\/2019\/05\/Porte-coulissante-Beat-cadre-en-aluminium-bois-et-verre-transparent-752x1024.jpg\" alt=\"\" \/><\/a><\/div>\n<\/div>\n<div class=\"vce-image-gallery-with-scaleup-item\" data-photoswipe-item=\"photoswipe-0615c3bb\">\n<div class=\"vce-image-gallery-with-scaleup-item-inner-wrapper\"><a class=\"vce-image-gallery-with-scaleup-item-inner\" href=\"|!|vcvUploadUrl|!|\/2019\/05\/Porte-\u00e0-galandage-design-profil\u00e9-blanc-et-verre-d\u00e9poli.jpg\" data-photoswipe-image=\"0615c3bb\" data-photoswipe-index=\"1\" data-photoswipe-caption=\"Porte \u00e0 galandage Beat, profil\u00e9 en aluminium blanc et verre d\u00e9poli\" data-pswp-uid=\"2\"><img decoding=\"async\" class=\"vce-image-gallery-with-scaleup-img vce-image-gallery-with-scaleup-img--orientation-portrait\" title=\"Porte \u00e0 galandage design profil\u00e9 blanc et verre d\u00e9poli\" src=\"|!|vcvUploadUrl|!|\/2019\/05\/Porte-\u00e0-galandage-design-profil\u00e9-blanc-et-verre-d\u00e9poli-793x1024.jpg\" alt=\"\" \/><\/a><\/div>\n<\/div>\n<\/div>\n<\/div>\n<\/div>\n<\/div>\n<\/div>\n<\/div>\n<\/div>\n<\/div>\n<\/div>\n<p><!--vcv no format--><\/p>\n","protected":false},"excerpt":{"rendered":"<p>Avec son design \u00e9pur\u00e9 et ses d\u00e9clinsaisons en version battante, coulissante, et intramur \u00e0 galandage, la porte Beat sublimera votre int\u00e9rieur.<\/p>\n","protected":false},"author":1,"featured_media":5842,"parent":5834,"menu_order":0,"comment_status":"closed","ping_status":"closed","template":"","meta":{"_monsterinsights_skip_tracking":false,"_monsterinsights_sitenote_active":false,"_monsterinsights_sitenote_note":"","_monsterinsights_sitenote_category":0,"_uf_show_specific_survey":0,"_uf_disable_surveys":false,"footnotes":""},"class_list":["post-5841","page","type-page","status-publish","has-post-thumbnail","hentry"],"yoast_head":"<!-- This site is optimized with the Yoast SEO plugin v27.3 - https:\/\/yoast.com\/product\/yoast-seo-wordpress\/ -->\n<title>Porte battante, \u00e0 galandage et coulissante au design \u00e9pur\u00e9 BEAT - Porto Venere<\/title>\n<meta name=\"description\" content=\"Avec son design \u00e9pur\u00e9 et ses d\u00e9clinsaisons en version battante, coulissante, et intramur \u00e0 galandage, la porte Beat sublimera votre int\u00e9rieur.\" \/>\n<meta name=\"robots\" content=\"index, follow, max-snippet:-1, max-image-preview:large, max-video-preview:-1\" \/>\n<link rel=\"canonical\" href=\"https:\/\/www.portovenere.fr\/fr-fr\/portes-interieures\/portes-battantes\/porte-battante-a-galandage-et-coulissante-au-design-epure-beat\/\" \/>\n<meta property=\"og:locale\" content=\"fr_FR\" \/>\n<meta property=\"og:type\" content=\"article\" \/>\n<meta property=\"og:title\" content=\"Porte battante, \u00e0 galandage et coulissante au design \u00e9pur\u00e9 BEAT - Porto Venere\" \/>\n<meta property=\"og:description\" content=\"Avec son design \u00e9pur\u00e9 et ses d\u00e9clinsaisons en version battante, coulissante, et intramur \u00e0 galandage, la porte Beat sublimera votre int\u00e9rieur.\" \/>\n<meta property=\"og:url\" content=\"https:\/\/www.portovenere.fr\/fr-fr\/portes-interieures\/portes-battantes\/porte-battante-a-galandage-et-coulissante-au-design-epure-beat\/\" \/>\n<meta property=\"og:site_name\" content=\"Porto Venere\" \/>\n<meta property=\"article:publisher\" content=\"https:\/\/www.facebook.com\/portovenere34\/\" \/>\n<meta property=\"article:modified_time\" content=\"2020-12-16T16:32:18+00:00\" \/>\n<meta property=\"og:image\" content=\"https:\/\/www.portovenere.fr\/fr-fr\/wp-content\/uploads\/2019\/05\/Porte-battante-design-en-verre-et-profil\u00e9-aluminium-bronze-Beat.jpg\" \/>\n\t<meta property=\"og:image:width\" content=\"1047\" \/>\n\t<meta property=\"og:image:height\" content=\"1500\" \/>\n\t<meta property=\"og:image:type\" content=\"image\/jpeg\" \/>\n<meta name=\"twitter:card\" content=\"summary_large_image\" \/>\n<script type=\"application\/ld+json\" class=\"yoast-schema-graph\">{\"@context\":\"https:\\\/\\\/schema.org\",\"@graph\":[{\"@type\":\"WebPage\",\"@id\":\"https:\\\/\\\/www.portovenere.fr\\\/fr-fr\\\/portes-interieures\\\/portes-battantes\\\/porte-battante-a-galandage-et-coulissante-au-design-epure-beat\\\/\",\"url\":\"https:\\\/\\\/www.portovenere.fr\\\/fr-fr\\\/portes-interieures\\\/portes-battantes\\\/porte-battante-a-galandage-et-coulissante-au-design-epure-beat\\\/\",\"name\":\"Porte battante, \u00e0 galandage et coulissante au design \u00e9pur\u00e9 BEAT - Porto Venere\",\"isPartOf\":{\"@id\":\"https:\\\/\\\/www.portovenere.fr\\\/fr-fr\\\/#website\"},\"primaryImageOfPage\":{\"@id\":\"https:\\\/\\\/www.portovenere.fr\\\/fr-fr\\\/portes-interieures\\\/portes-battantes\\\/porte-battante-a-galandage-et-coulissante-au-design-epure-beat\\\/#primaryimage\"},\"image\":{\"@id\":\"https:\\\/\\\/www.portovenere.fr\\\/fr-fr\\\/portes-interieures\\\/portes-battantes\\\/porte-battante-a-galandage-et-coulissante-au-design-epure-beat\\\/#primaryimage\"},\"thumbnailUrl\":\"https:\\\/\\\/www.portovenere.fr\\\/fr-fr\\\/wp-content\\\/uploads\\\/2019\\\/05\\\/Porte-battante-design-en-verre-et-profil\u00e9-aluminium-bronze-Beat.jpg\",\"datePublished\":\"2019-05-06T13:45:02+00:00\",\"dateModified\":\"2020-12-16T16:32:18+00:00\",\"description\":\"Avec son design \u00e9pur\u00e9 et ses d\u00e9clinsaisons en version battante, coulissante, et intramur \u00e0 galandage, la porte Beat sublimera votre int\u00e9rieur.\",\"breadcrumb\":{\"@id\":\"https:\\\/\\\/www.portovenere.fr\\\/fr-fr\\\/portes-interieures\\\/portes-battantes\\\/porte-battante-a-galandage-et-coulissante-au-design-epure-beat\\\/#breadcrumb\"},\"inLanguage\":\"fr-FR\",\"potentialAction\":[{\"@type\":\"ReadAction\",\"target\":[\"https:\\\/\\\/www.portovenere.fr\\\/fr-fr\\\/portes-interieures\\\/portes-battantes\\\/porte-battante-a-galandage-et-coulissante-au-design-epure-beat\\\/\"]}]},{\"@type\":\"ImageObject\",\"inLanguage\":\"fr-FR\",\"@id\":\"https:\\\/\\\/www.portovenere.fr\\\/fr-fr\\\/portes-interieures\\\/portes-battantes\\\/porte-battante-a-galandage-et-coulissante-au-design-epure-beat\\\/#primaryimage\",\"url\":\"https:\\\/\\\/www.portovenere.fr\\\/fr-fr\\\/wp-content\\\/uploads\\\/2019\\\/05\\\/Porte-battante-design-en-verre-et-profil\u00e9-aluminium-bronze-Beat.jpg\",\"contentUrl\":\"https:\\\/\\\/www.portovenere.fr\\\/fr-fr\\\/wp-content\\\/uploads\\\/2019\\\/05\\\/Porte-battante-design-en-verre-et-profil\u00e9-aluminium-bronze-Beat.jpg\",\"width\":1047,\"height\":1500},{\"@type\":\"BreadcrumbList\",\"@id\":\"https:\\\/\\\/www.portovenere.fr\\\/fr-fr\\\/portes-interieures\\\/portes-battantes\\\/porte-battante-a-galandage-et-coulissante-au-design-epure-beat\\\/#breadcrumb\",\"itemListElement\":[{\"@type\":\"ListItem\",\"position\":1,\"name\":\"Page d'accueil\",\"item\":\"https:\\\/\\\/www.portovenere.fr\\\/fr-fr\\\/\"},{\"@type\":\"ListItem\",\"position\":2,\"name\":\"Portes int\u00e9rieures\",\"item\":\"https:\\\/\\\/www.portovenere.fr\\\/fr-fr\\\/portes-interieures\\\/\"},{\"@type\":\"ListItem\",\"position\":3,\"name\":\"Portes battantes\",\"item\":\"https:\\\/\\\/www.portovenere.fr\\\/fr-fr\\\/portes-interieures\\\/portes-battantes\\\/\"},{\"@type\":\"ListItem\",\"position\":4,\"name\":\"Porte battante, \u00e0 galandage et coulissante au design \u00e9pur\u00e9 BEAT\"}]},{\"@type\":\"WebSite\",\"@id\":\"https:\\\/\\\/www.portovenere.fr\\\/fr-fr\\\/#website\",\"url\":\"https:\\\/\\\/www.portovenere.fr\\\/fr-fr\\\/\",\"name\":\"Porto Venere\",\"description\":\"Magasin de carrelage, cuisine, salle de bain \u00e0 Montpellier dans l&#039;H\u00e9rault\",\"publisher\":{\"@id\":\"https:\\\/\\\/www.portovenere.fr\\\/fr-fr\\\/#organization\"},\"potentialAction\":[{\"@type\":\"SearchAction\",\"target\":{\"@type\":\"EntryPoint\",\"urlTemplate\":\"https:\\\/\\\/www.portovenere.fr\\\/fr-fr\\\/?s={search_term_string}\"},\"query-input\":{\"@type\":\"PropertyValueSpecification\",\"valueRequired\":true,\"valueName\":\"search_term_string\"}}],\"inLanguage\":\"fr-FR\"},{\"@type\":\"Organization\",\"@id\":\"https:\\\/\\\/www.portovenere.fr\\\/fr-fr\\\/#organization\",\"name\":\"Porto Venere - Carrelage Usine Center SARL\",\"url\":\"https:\\\/\\\/www.portovenere.fr\\\/fr-fr\\\/\",\"logo\":{\"@type\":\"ImageObject\",\"inLanguage\":\"fr-FR\",\"@id\":\"https:\\\/\\\/www.portovenere.fr\\\/fr-fr\\\/#\\\/schema\\\/logo\\\/image\\\/\",\"url\":\"https:\\\/\\\/www.portovenere.fr\\\/fr-fr\\\/wp-content\\\/uploads\\\/2019\\\/05\\\/logo3.png\",\"contentUrl\":\"https:\\\/\\\/www.portovenere.fr\\\/fr-fr\\\/wp-content\\\/uploads\\\/2019\\\/05\\\/logo3.png\",\"width\":388,\"height\":120,\"caption\":\"Porto Venere - Carrelage Usine Center SARL\"},\"image\":{\"@id\":\"https:\\\/\\\/www.portovenere.fr\\\/fr-fr\\\/#\\\/schema\\\/logo\\\/image\\\/\"},\"sameAs\":[\"https:\\\/\\\/www.facebook.com\\\/portovenere34\\\/\",\"https:\\\/\\\/www.instagram.com\\\/porto.venere\\\/\",\"https:\\\/\\\/www.linkedin.com\\\/company\\\/porto-venere-montpellier\\\/\",\"https:\\\/\\\/www.pinterest.fr\\\/portovenere34\\\/\"]}]}<\/script>\n<!-- \/ Yoast SEO plugin. -->","yoast_head_json":{"title":"Porte battante, \u00e0 galandage et coulissante au design \u00e9pur\u00e9 BEAT - Porto Venere","description":"Avec son design \u00e9pur\u00e9 et ses d\u00e9clinsaisons en version battante, coulissante, et intramur \u00e0 galandage, la porte Beat sublimera votre int\u00e9rieur.","robots":{"index":"index","follow":"follow","max-snippet":"max-snippet:-1","max-image-preview":"max-image-preview:large","max-video-preview":"max-video-preview:-1"},"canonical":"https:\/\/www.portovenere.fr\/fr-fr\/portes-interieures\/portes-battantes\/porte-battante-a-galandage-et-coulissante-au-design-epure-beat\/","og_locale":"fr_FR","og_type":"article","og_title":"Porte battante, \u00e0 galandage et coulissante au design \u00e9pur\u00e9 BEAT - Porto Venere","og_description":"Avec son design \u00e9pur\u00e9 et ses d\u00e9clinsaisons en version battante, coulissante, et intramur \u00e0 galandage, la porte Beat sublimera votre int\u00e9rieur.","og_url":"https:\/\/www.portovenere.fr\/fr-fr\/portes-interieures\/portes-battantes\/porte-battante-a-galandage-et-coulissante-au-design-epure-beat\/","og_site_name":"Porto Venere","article_publisher":"https:\/\/www.facebook.com\/portovenere34\/","article_modified_time":"2020-12-16T16:32:18+00:00","og_image":[{"width":1047,"height":1500,"url":"https:\/\/www.portovenere.fr\/fr-fr\/wp-content\/uploads\/2019\/05\/Porte-battante-design-en-verre-et-profil\u00e9-aluminium-bronze-Beat.jpg","type":"image\/jpeg"}],"twitter_card":"summary_large_image","schema":{"@context":"https:\/\/schema.org","@graph":[{"@type":"WebPage","@id":"https:\/\/www.portovenere.fr\/fr-fr\/portes-interieures\/portes-battantes\/porte-battante-a-galandage-et-coulissante-au-design-epure-beat\/","url":"https:\/\/www.portovenere.fr\/fr-fr\/portes-interieures\/portes-battantes\/porte-battante-a-galandage-et-coulissante-au-design-epure-beat\/","name":"Porte battante, \u00e0 galandage et coulissante au design \u00e9pur\u00e9 BEAT - Porto Venere","isPartOf":{"@id":"https:\/\/www.portovenere.fr\/fr-fr\/#website"},"primaryImageOfPage":{"@id":"https:\/\/www.portovenere.fr\/fr-fr\/portes-interieures\/portes-battantes\/porte-battante-a-galandage-et-coulissante-au-design-epure-beat\/#primaryimage"},"image":{"@id":"https:\/\/www.portovenere.fr\/fr-fr\/portes-interieures\/portes-battantes\/porte-battante-a-galandage-et-coulissante-au-design-epure-beat\/#primaryimage"},"thumbnailUrl":"https:\/\/www.portovenere.fr\/fr-fr\/wp-content\/uploads\/2019\/05\/Porte-battante-design-en-verre-et-profil\u00e9-aluminium-bronze-Beat.jpg","datePublished":"2019-05-06T13:45:02+00:00","dateModified":"2020-12-16T16:32:18+00:00","description":"Avec son design \u00e9pur\u00e9 et ses d\u00e9clinsaisons en version battante, coulissante, et intramur \u00e0 galandage, la porte Beat sublimera votre int\u00e9rieur.","breadcrumb":{"@id":"https:\/\/www.portovenere.fr\/fr-fr\/portes-interieures\/portes-battantes\/porte-battante-a-galandage-et-coulissante-au-design-epure-beat\/#breadcrumb"},"inLanguage":"fr-FR","potentialAction":[{"@type":"ReadAction","target":["https:\/\/www.portovenere.fr\/fr-fr\/portes-interieures\/portes-battantes\/porte-battante-a-galandage-et-coulissante-au-design-epure-beat\/"]}]},{"@type":"ImageObject","inLanguage":"fr-FR","@id":"https:\/\/www.portovenere.fr\/fr-fr\/portes-interieures\/portes-battantes\/porte-battante-a-galandage-et-coulissante-au-design-epure-beat\/#primaryimage","url":"https:\/\/www.portovenere.fr\/fr-fr\/wp-content\/uploads\/2019\/05\/Porte-battante-design-en-verre-et-profil\u00e9-aluminium-bronze-Beat.jpg","contentUrl":"https:\/\/www.portovenere.fr\/fr-fr\/wp-content\/uploads\/2019\/05\/Porte-battante-design-en-verre-et-profil\u00e9-aluminium-bronze-Beat.jpg","width":1047,"height":1500},{"@type":"BreadcrumbList","@id":"https:\/\/www.portovenere.fr\/fr-fr\/portes-interieures\/portes-battantes\/porte-battante-a-galandage-et-coulissante-au-design-epure-beat\/#breadcrumb","itemListElement":[{"@type":"ListItem","position":1,"name":"Page d'accueil","item":"https:\/\/www.portovenere.fr\/fr-fr\/"},{"@type":"ListItem","position":2,"name":"Portes int\u00e9rieures","item":"https:\/\/www.portovenere.fr\/fr-fr\/portes-interieures\/"},{"@type":"ListItem","position":3,"name":"Portes battantes","item":"https:\/\/www.portovenere.fr\/fr-fr\/portes-interieures\/portes-battantes\/"},{"@type":"ListItem","position":4,"name":"Porte battante, \u00e0 galandage et coulissante au design \u00e9pur\u00e9 BEAT"}]},{"@type":"WebSite","@id":"https:\/\/www.portovenere.fr\/fr-fr\/#website","url":"https:\/\/www.portovenere.fr\/fr-fr\/","name":"Porto Venere","description":"Magasin de carrelage, cuisine, salle de bain \u00e0 Montpellier dans l&#039;H\u00e9rault","publisher":{"@id":"https:\/\/www.portovenere.fr\/fr-fr\/#organization"},"potentialAction":[{"@type":"SearchAction","target":{"@type":"EntryPoint","urlTemplate":"https:\/\/www.portovenere.fr\/fr-fr\/?s={search_term_string}"},"query-input":{"@type":"PropertyValueSpecification","valueRequired":true,"valueName":"search_term_string"}}],"inLanguage":"fr-FR"},{"@type":"Organization","@id":"https:\/\/www.portovenere.fr\/fr-fr\/#organization","name":"Porto Venere - Carrelage Usine Center SARL","url":"https:\/\/www.portovenere.fr\/fr-fr\/","logo":{"@type":"ImageObject","inLanguage":"fr-FR","@id":"https:\/\/www.portovenere.fr\/fr-fr\/#\/schema\/logo\/image\/","url":"https:\/\/www.portovenere.fr\/fr-fr\/wp-content\/uploads\/2019\/05\/logo3.png","contentUrl":"https:\/\/www.portovenere.fr\/fr-fr\/wp-content\/uploads\/2019\/05\/logo3.png","width":388,"height":120,"caption":"Porto Venere - Carrelage Usine Center SARL"},"image":{"@id":"https:\/\/www.portovenere.fr\/fr-fr\/#\/schema\/logo\/image\/"},"sameAs":["https:\/\/www.facebook.com\/portovenere34\/","https:\/\/www.instagram.com\/porto.venere\/","https:\/\/www.linkedin.com\/company\/porto-venere-montpellier\/","https:\/\/www.pinterest.fr\/portovenere34\/"]}]}},"_links":{"self":[{"href":"https:\/\/www.portovenere.fr\/fr-fr\/wp-json\/wp\/v2\/pages\/5841","targetHints":{"allow":["GET"]}}],"collection":[{"href":"https:\/\/www.portovenere.fr\/fr-fr\/wp-json\/wp\/v2\/pages"}],"about":[{"href":"https:\/\/www.portovenere.fr\/fr-fr\/wp-json\/wp\/v2\/types\/page"}],"author":[{"embeddable":true,"href":"https:\/\/www.portovenere.fr\/fr-fr\/wp-json\/wp\/v2\/users\/1"}],"replies":[{"embeddable":true,"href":"https:\/\/www.portovenere.fr\/fr-fr\/wp-json\/wp\/v2\/comments?post=5841"}],"version-history":[{"count":0,"href":"https:\/\/www.portovenere.fr\/fr-fr\/wp-json\/wp\/v2\/pages\/5841\/revisions"}],"up":[{"embeddable":true,"href":"https:\/\/www.portovenere.fr\/fr-fr\/wp-json\/wp\/v2\/pages\/5834"}],"wp:featuredmedia":[{"embeddable":true,"href":"https:\/\/www.portovenere.fr\/fr-fr\/wp-json\/wp\/v2\/media\/5842"}],"wp:attachment":[{"href":"https:\/\/www.portovenere.fr\/fr-fr\/wp-json\/wp\/v2\/media?parent=5841"}],"curies":[{"name":"wp","href":"https:\/\/api.w.org\/{rel}","templated":true}]}}