{"id":5916,"date":"2019-05-07T12:40:37","date_gmt":"2019-05-07T12:40:37","guid":{"rendered":"https:\/\/www.portovenere.fr\/fr-fr\/?page_id=5916"},"modified":"2020-06-26T12:10:00","modified_gmt":"2020-06-26T10:10:00","slug":"accessoires-de-salle-de-bain","status":"publish","type":"page","link":"https:\/\/www.portovenere.fr\/fr-fr\/salle-de-bain\/accessoires-de-salle-de-bain\/","title":{"rendered":"Accessoires de salle de bain"},"content":{"rendered":"\t\t<div data-elementor-type=\"wp-page\" data-elementor-id=\"5916\" class=\"elementor elementor-5916\" data-elementor-post-type=\"page\">\n\t\t\t\t\t\t<section class=\"elementor-section elementor-top-section elementor-element elementor-element-fc77a5d elementor-section-stretched elementor-section-full_width elementor-section-height-default elementor-section-height-default\" data-id=\"fc77a5d\" data-element_type=\"section\" data-e-type=\"section\" data-settings=\"{&quot;stretch_section&quot;:&quot;section-stretched&quot;,&quot;background_background&quot;:&quot;classic&quot;}\">\n\t\t\t\t\t\t<div class=\"elementor-container elementor-column-gap-no\">\n\t\t\t\t\t<div class=\"elementor-column elementor-col-50 elementor-top-column elementor-element elementor-element-6afd538\" data-id=\"6afd538\" data-element_type=\"column\" data-e-type=\"column\">\n\t\t\t<div class=\"elementor-widget-wrap elementor-element-populated\">\n\t\t\t\t\t\t<div class=\"elementor-element elementor-element-9c995f0 elementor-widget elementor-widget-heading\" data-id=\"9c995f0\" data-element_type=\"widget\" data-e-type=\"widget\" data-widget_type=\"heading.default\">\n\t\t\t\t<div class=\"elementor-widget-container\">\n\t\t\t\t\t<h1 class=\"elementor-heading-title elementor-size-default\">Accessoires de salle de bain &amp; WC<\/h1>\t\t\t\t<\/div>\n\t\t\t\t<\/div>\n\t\t\t\t\t<\/div>\n\t\t<\/div>\n\t\t\t\t<div class=\"elementor-column elementor-col-50 elementor-top-column elementor-element elementor-element-69d95ea\" data-id=\"69d95ea\" data-element_type=\"column\" data-e-type=\"column\">\n\t\t\t<div class=\"elementor-widget-wrap elementor-element-populated\">\n\t\t\t\t\t\t<div class=\"elementor-element elementor-element-5316fe4 elementor-widget elementor-widget-text-editor\" data-id=\"5316fe4\" data-element_type=\"widget\" data-e-type=\"widget\" data-widget_type=\"text-editor.default\">\n\t\t\t\t<div class=\"elementor-widget-container\">\n\t\t\t\t\t\t\t\t\t<div class=\"elementor-element elementor-element-901c40d elementor-widget elementor-widget-text-editor\" data-id=\"901c40d\" data-element_type=\"widget\" data-widget_type=\"text-editor.default\"><div class=\"elementor-widget-container\">Nos <strong>accessoires<\/strong> de <strong>salle de bain<\/strong> : porte-serviettes, porte-rouleaux WC, porte-savon, porte-balayette, pat\u00e8res d\u00e9clin\u00e9s en finition chrom\u00e9e, acier inoxydable, blanc mat, noir mat ou dor\u00e9.<\/div><\/div>\t\t\t\t\t\t\t\t<\/div>\n\t\t\t\t<\/div>\n\t\t\t\t\t<\/div>\n\t\t<\/div>\n\t\t\t\t\t<\/div>\n\t\t<\/section>\n\t\t\t\t<section class=\"elementor-section elementor-top-section elementor-element elementor-element-3d5257d elementor-section-boxed elementor-section-height-default elementor-section-height-default\" data-id=\"3d5257d\" data-element_type=\"section\" data-e-type=\"section\">\n\t\t\t\t\t\t<div class=\"elementor-container elementor-column-gap-default\">\n\t\t\t\t\t<div class=\"elementor-column elementor-col-100 elementor-top-column elementor-element elementor-element-f63b2c4\" data-id=\"f63b2c4\" data-element_type=\"column\" data-e-type=\"column\">\n\t\t\t<div class=\"elementor-widget-wrap elementor-element-populated\">\n\t\t\t\t\t\t<div class=\"elementor-element elementor-element-362bc5f elementor-widget elementor-widget-spacer\" data-id=\"362bc5f\" data-element_type=\"widget\" data-e-type=\"widget\" data-widget_type=\"spacer.default\">\n\t\t\t\t<div class=\"elementor-widget-container\">\n\t\t\t\t\t\t\t<div class=\"elementor-spacer\">\n\t\t\t<div class=\"elementor-spacer-inner\"><\/div>\n\t\t<\/div>\n\t\t\t\t\t\t<\/div>\n\t\t\t\t<\/div>\n\t\t\t\t\t<\/div>\n\t\t<\/div>\n\t\t\t\t\t<\/div>\n\t\t<\/section>\n\t\t\t\t<section class=\"elementor-section elementor-top-section elementor-element elementor-element-ab4e9e9 elementor-section-stretched elementor-section-boxed elementor-section-height-default elementor-section-height-default\" data-id=\"ab4e9e9\" data-element_type=\"section\" data-e-type=\"section\" data-settings=\"{&quot;stretch_section&quot;:&quot;section-stretched&quot;}\">\n\t\t\t\t\t\t<div class=\"elementor-container elementor-column-gap-default\">\n\t\t\t\t\t<div class=\"elementor-column elementor-col-100 elementor-top-column elementor-element elementor-element-1ee69de\" data-id=\"1ee69de\" data-element_type=\"column\" data-e-type=\"column\">\n\t\t\t<div class=\"elementor-widget-wrap elementor-element-populated\">\n\t\t\t\t\t\t<div class=\"elementor-element elementor-element-8f16a27 elementor-widget elementor-widget-progress\" data-id=\"8f16a27\" data-element_type=\"widget\" data-e-type=\"widget\" data-widget_type=\"progress.default\">\n\t\t\t\t<div class=\"elementor-widget-container\">\n\t\t\t\t\t\t\t\t<span class=\"elementor-title\" id=\"elementor-progress-bar-8f16a27\">\n\t\t\t\tPAGE BIENT\u00d4T DISPONIBLE\t\t\t<\/span>\n\t\t\n\t\t<div aria-labelledby=\"elementor-progress-bar-8f16a27\" class=\"elementor-progress-wrapper progress-info\" role=\"progressbar\" aria-valuemin=\"0\" aria-valuemax=\"100\" aria-valuenow=\"71\" aria-valuetext=\"71% (S\u00e9lection des articles en cours)\">\n\t\t\t<div class=\"elementor-progress-bar\" data-max=\"71\">\n\t\t\t\t<span class=\"elementor-progress-text\">S\u00e9lection des articles en cours<\/span>\n\t\t\t\t\t\t\t\t\t<span class=\"elementor-progress-percentage\">71%<\/span>\n\t\t\t\t\t\t\t<\/div>\n\t\t<\/div>\n\t\t\t\t\t\t<\/div>\n\t\t\t\t<\/div>\n\t\t\t\t<div class=\"elementor-element elementor-element-32cd82d elementor-align-center elementor-widget elementor-widget-button\" data-id=\"32cd82d\" data-element_type=\"widget\" data-e-type=\"widget\" data-widget_type=\"button.default\">\n\t\t\t\t<div class=\"elementor-widget-container\">\n\t\t\t\t\t\t\t\t\t<div class=\"elementor-button-wrapper\">\n\t\t\t\t\t<a class=\"elementor-button elementor-button-link elementor-size-sm\" href=\"https:\/\/www.portovenere.fr\/fr-fr\/contact\/\">\n\t\t\t\t\t\t<span class=\"elementor-button-content-wrapper\">\n\t\t\t\t\t\t\t\t\t<span class=\"elementor-button-text\">Faites-nous part de votre recherche<\/span>\n\t\t\t\t\t<\/span>\n\t\t\t\t\t<\/a>\n\t\t\t\t<\/div>\n\t\t\t\t\t\t\t\t<\/div>\n\t\t\t\t<\/div>\n\t\t\t\t\t<\/div>\n\t\t<\/div>\n\t\t\t\t\t<\/div>\n\t\t<\/section>\n\t\t\t\t<\/div>\n\t\t","protected":false},"excerpt":{"rendered":"<p>Nos accessoires de salle de bain : porte-serviettes, porte-rouleaux WC, pat\u00e8res d\u00e9clin\u00e9s en finition chrom\u00e9e, acier inoxydable, blanc mat, noir mat ou dor\u00e9.<\/p>\n","protected":false},"author":2,"featured_media":24090,"parent":5053,"menu_order":1,"comment_status":"closed","ping_status":"closed","template":"","meta":{"_monsterinsights_skip_tracking":false,"_monsterinsights_sitenote_active":false,"_monsterinsights_sitenote_note":"","_monsterinsights_sitenote_category":0,"_uf_show_specific_survey":0,"_uf_disable_surveys":false,"footnotes":""},"class_list":["post-5916","page","type-page","status-publish","has-post-thumbnail","hentry"],"yoast_head":"<!-- This site is optimized with the Yoast SEO plugin v27.5 - https:\/\/yoast.com\/product\/yoast-seo-wordpress\/ -->\n<title>Accessoires de salle de bain - Porto Venere<\/title>\n<meta name=\"description\" content=\"Nos accessoires de salle de bain : porte-serviettes, porte-rouleaux WC, pat\u00e8res d\u00e9clin\u00e9s en finition chrom\u00e9e, acier inoxydable, blanc mat, noir mat ou dor\u00e9\" \/>\n<meta name=\"robots\" content=\"index, follow, max-snippet:-1, max-image-preview:large, max-video-preview:-1\" \/>\n<link rel=\"canonical\" href=\"https:\/\/www.portovenere.fr\/fr-fr\/salle-de-bain\/accessoires-de-salle-de-bain\/\" \/>\n<meta property=\"og:locale\" content=\"fr_FR\" \/>\n<meta property=\"og:type\" content=\"article\" \/>\n<meta property=\"og:title\" content=\"Accessoires de salle de bain - Porto Venere\" \/>\n<meta property=\"og:description\" content=\"Nos accessoires de salle de bain : porte-serviettes, porte-rouleaux WC, pat\u00e8res d\u00e9clin\u00e9s en finition chrom\u00e9e, acier inoxydable, blanc mat, noir mat ou dor\u00e9\" \/>\n<meta property=\"og:url\" content=\"https:\/\/www.portovenere.fr\/fr-fr\/salle-de-bain\/accessoires-de-salle-de-bain\/\" \/>\n<meta property=\"og:site_name\" content=\"Porto Venere\" \/>\n<meta property=\"article:publisher\" content=\"https:\/\/www.facebook.com\/portovenere34\/\" \/>\n<meta property=\"article:modified_time\" content=\"2020-06-26T10:10:00+00:00\" \/>\n<meta property=\"og:image\" content=\"https:\/\/www.portovenere.fr\/fr-fr\/wp-content\/uploads\/2020\/01\/Accessoires-de-salle-de-bain.jpg\" \/>\n\t<meta property=\"og:image:width\" content=\"461\" \/>\n\t<meta property=\"og:image:height\" content=\"666\" \/>\n\t<meta property=\"og:image:type\" content=\"image\/jpeg\" \/>\n<meta name=\"twitter:card\" content=\"summary_large_image\" \/>\n<script type=\"application\/ld+json\" class=\"yoast-schema-graph\">{\"@context\":\"https:\\\/\\\/schema.org\",\"@graph\":[{\"@type\":\"WebPage\",\"@id\":\"https:\\\/\\\/www.portovenere.fr\\\/fr-fr\\\/salle-de-bain\\\/accessoires-de-salle-de-bain\\\/\",\"url\":\"https:\\\/\\\/www.portovenere.fr\\\/fr-fr\\\/salle-de-bain\\\/accessoires-de-salle-de-bain\\\/\",\"name\":\"Accessoires de salle de bain - Porto Venere\",\"isPartOf\":{\"@id\":\"https:\\\/\\\/www.portovenere.fr\\\/fr-fr\\\/#website\"},\"primaryImageOfPage\":{\"@id\":\"https:\\\/\\\/www.portovenere.fr\\\/fr-fr\\\/salle-de-bain\\\/accessoires-de-salle-de-bain\\\/#primaryimage\"},\"image\":{\"@id\":\"https:\\\/\\\/www.portovenere.fr\\\/fr-fr\\\/salle-de-bain\\\/accessoires-de-salle-de-bain\\\/#primaryimage\"},\"thumbnailUrl\":\"https:\\\/\\\/www.portovenere.fr\\\/fr-fr\\\/wp-content\\\/uploads\\\/2020\\\/01\\\/Accessoires-de-salle-de-bain.jpg\",\"datePublished\":\"2019-05-07T12:40:37+00:00\",\"dateModified\":\"2020-06-26T10:10:00+00:00\",\"description\":\"Nos accessoires de salle de bain : porte-serviettes, porte-rouleaux WC, pat\u00e8res d\u00e9clin\u00e9s en finition chrom\u00e9e, acier inoxydable, blanc mat, noir mat ou dor\u00e9\",\"breadcrumb\":{\"@id\":\"https:\\\/\\\/www.portovenere.fr\\\/fr-fr\\\/salle-de-bain\\\/accessoires-de-salle-de-bain\\\/#breadcrumb\"},\"inLanguage\":\"fr-FR\",\"potentialAction\":[{\"@type\":\"ReadAction\",\"target\":[\"https:\\\/\\\/www.portovenere.fr\\\/fr-fr\\\/salle-de-bain\\\/accessoires-de-salle-de-bain\\\/\"]}]},{\"@type\":\"ImageObject\",\"inLanguage\":\"fr-FR\",\"@id\":\"https:\\\/\\\/www.portovenere.fr\\\/fr-fr\\\/salle-de-bain\\\/accessoires-de-salle-de-bain\\\/#primaryimage\",\"url\":\"https:\\\/\\\/www.portovenere.fr\\\/fr-fr\\\/wp-content\\\/uploads\\\/2020\\\/01\\\/Accessoires-de-salle-de-bain.jpg\",\"contentUrl\":\"https:\\\/\\\/www.portovenere.fr\\\/fr-fr\\\/wp-content\\\/uploads\\\/2020\\\/01\\\/Accessoires-de-salle-de-bain.jpg\",\"width\":461,\"height\":666},{\"@type\":\"BreadcrumbList\",\"@id\":\"https:\\\/\\\/www.portovenere.fr\\\/fr-fr\\\/salle-de-bain\\\/accessoires-de-salle-de-bain\\\/#breadcrumb\",\"itemListElement\":[{\"@type\":\"ListItem\",\"position\":1,\"name\":\"Page d'accueil\",\"item\":\"https:\\\/\\\/www.portovenere.fr\\\/fr-fr\\\/\"},{\"@type\":\"ListItem\",\"position\":2,\"name\":\"Salle de bain\",\"item\":\"https:\\\/\\\/www.portovenere.fr\\\/fr-fr\\\/salle-de-bain\\\/\"},{\"@type\":\"ListItem\",\"position\":3,\"name\":\"Accessoires de salle de bain\"}]},{\"@type\":\"WebSite\",\"@id\":\"https:\\\/\\\/www.portovenere.fr\\\/fr-fr\\\/#website\",\"url\":\"https:\\\/\\\/www.portovenere.fr\\\/fr-fr\\\/\",\"name\":\"Porto Venere\",\"description\":\"Magasin de carrelage, cuisine, salle de bain \u00e0 Montpellier dans l&#039;H\u00e9rault\",\"publisher\":{\"@id\":\"https:\\\/\\\/www.portovenere.fr\\\/fr-fr\\\/#organization\"},\"potentialAction\":[{\"@type\":\"SearchAction\",\"target\":{\"@type\":\"EntryPoint\",\"urlTemplate\":\"https:\\\/\\\/www.portovenere.fr\\\/fr-fr\\\/?s={search_term_string}\"},\"query-input\":{\"@type\":\"PropertyValueSpecification\",\"valueRequired\":true,\"valueName\":\"search_term_string\"}}],\"inLanguage\":\"fr-FR\"},{\"@type\":\"Organization\",\"@id\":\"https:\\\/\\\/www.portovenere.fr\\\/fr-fr\\\/#organization\",\"name\":\"Porto Venere - Carrelage Usine Center SARL\",\"url\":\"https:\\\/\\\/www.portovenere.fr\\\/fr-fr\\\/\",\"logo\":{\"@type\":\"ImageObject\",\"inLanguage\":\"fr-FR\",\"@id\":\"https:\\\/\\\/www.portovenere.fr\\\/fr-fr\\\/#\\\/schema\\\/logo\\\/image\\\/\",\"url\":\"https:\\\/\\\/www.portovenere.fr\\\/fr-fr\\\/wp-content\\\/uploads\\\/2019\\\/05\\\/logo3.png\",\"contentUrl\":\"https:\\\/\\\/www.portovenere.fr\\\/fr-fr\\\/wp-content\\\/uploads\\\/2019\\\/05\\\/logo3.png\",\"width\":388,\"height\":120,\"caption\":\"Porto Venere - Carrelage Usine Center SARL\"},\"image\":{\"@id\":\"https:\\\/\\\/www.portovenere.fr\\\/fr-fr\\\/#\\\/schema\\\/logo\\\/image\\\/\"},\"sameAs\":[\"https:\\\/\\\/www.facebook.com\\\/portovenere34\\\/\",\"https:\\\/\\\/www.instagram.com\\\/porto.venere\\\/\",\"https:\\\/\\\/www.linkedin.com\\\/company\\\/porto-venere-montpellier\\\/\",\"https:\\\/\\\/www.pinterest.fr\\\/portovenere34\\\/\"]}]}<\/script>\n<!-- \/ Yoast SEO plugin. -->","yoast_head_json":{"title":"Accessoires de salle de bain - Porto Venere","description":"Nos accessoires de salle de bain : porte-serviettes, porte-rouleaux WC, pat\u00e8res d\u00e9clin\u00e9s en finition chrom\u00e9e, acier inoxydable, blanc mat, noir mat ou dor\u00e9","robots":{"index":"index","follow":"follow","max-snippet":"max-snippet:-1","max-image-preview":"max-image-preview:large","max-video-preview":"max-video-preview:-1"},"canonical":"https:\/\/www.portovenere.fr\/fr-fr\/salle-de-bain\/accessoires-de-salle-de-bain\/","og_locale":"fr_FR","og_type":"article","og_title":"Accessoires de salle de bain - Porto Venere","og_description":"Nos accessoires de salle de bain : porte-serviettes, porte-rouleaux WC, pat\u00e8res d\u00e9clin\u00e9s en finition chrom\u00e9e, acier inoxydable, blanc mat, noir mat ou dor\u00e9","og_url":"https:\/\/www.portovenere.fr\/fr-fr\/salle-de-bain\/accessoires-de-salle-de-bain\/","og_site_name":"Porto Venere","article_publisher":"https:\/\/www.facebook.com\/portovenere34\/","article_modified_time":"2020-06-26T10:10:00+00:00","og_image":[{"width":461,"height":666,"url":"https:\/\/www.portovenere.fr\/fr-fr\/wp-content\/uploads\/2020\/01\/Accessoires-de-salle-de-bain.jpg","type":"image\/jpeg"}],"twitter_card":"summary_large_image","schema":{"@context":"https:\/\/schema.org","@graph":[{"@type":"WebPage","@id":"https:\/\/www.portovenere.fr\/fr-fr\/salle-de-bain\/accessoires-de-salle-de-bain\/","url":"https:\/\/www.portovenere.fr\/fr-fr\/salle-de-bain\/accessoires-de-salle-de-bain\/","name":"Accessoires de salle de bain - Porto Venere","isPartOf":{"@id":"https:\/\/www.portovenere.fr\/fr-fr\/#website"},"primaryImageOfPage":{"@id":"https:\/\/www.portovenere.fr\/fr-fr\/salle-de-bain\/accessoires-de-salle-de-bain\/#primaryimage"},"image":{"@id":"https:\/\/www.portovenere.fr\/fr-fr\/salle-de-bain\/accessoires-de-salle-de-bain\/#primaryimage"},"thumbnailUrl":"https:\/\/www.portovenere.fr\/fr-fr\/wp-content\/uploads\/2020\/01\/Accessoires-de-salle-de-bain.jpg","datePublished":"2019-05-07T12:40:37+00:00","dateModified":"2020-06-26T10:10:00+00:00","description":"Nos accessoires de salle de bain : porte-serviettes, porte-rouleaux WC, pat\u00e8res d\u00e9clin\u00e9s en finition chrom\u00e9e, acier inoxydable, blanc mat, noir mat ou dor\u00e9","breadcrumb":{"@id":"https:\/\/www.portovenere.fr\/fr-fr\/salle-de-bain\/accessoires-de-salle-de-bain\/#breadcrumb"},"inLanguage":"fr-FR","potentialAction":[{"@type":"ReadAction","target":["https:\/\/www.portovenere.fr\/fr-fr\/salle-de-bain\/accessoires-de-salle-de-bain\/"]}]},{"@type":"ImageObject","inLanguage":"fr-FR","@id":"https:\/\/www.portovenere.fr\/fr-fr\/salle-de-bain\/accessoires-de-salle-de-bain\/#primaryimage","url":"https:\/\/www.portovenere.fr\/fr-fr\/wp-content\/uploads\/2020\/01\/Accessoires-de-salle-de-bain.jpg","contentUrl":"https:\/\/www.portovenere.fr\/fr-fr\/wp-content\/uploads\/2020\/01\/Accessoires-de-salle-de-bain.jpg","width":461,"height":666},{"@type":"BreadcrumbList","@id":"https:\/\/www.portovenere.fr\/fr-fr\/salle-de-bain\/accessoires-de-salle-de-bain\/#breadcrumb","itemListElement":[{"@type":"ListItem","position":1,"name":"Page d'accueil","item":"https:\/\/www.portovenere.fr\/fr-fr\/"},{"@type":"ListItem","position":2,"name":"Salle de bain","item":"https:\/\/www.portovenere.fr\/fr-fr\/salle-de-bain\/"},{"@type":"ListItem","position":3,"name":"Accessoires de salle de bain"}]},{"@type":"WebSite","@id":"https:\/\/www.portovenere.fr\/fr-fr\/#website","url":"https:\/\/www.portovenere.fr\/fr-fr\/","name":"Porto Venere","description":"Magasin de carrelage, cuisine, salle de bain \u00e0 Montpellier dans l&#039;H\u00e9rault","publisher":{"@id":"https:\/\/www.portovenere.fr\/fr-fr\/#organization"},"potentialAction":[{"@type":"SearchAction","target":{"@type":"EntryPoint","urlTemplate":"https:\/\/www.portovenere.fr\/fr-fr\/?s={search_term_string}"},"query-input":{"@type":"PropertyValueSpecification","valueRequired":true,"valueName":"search_term_string"}}],"inLanguage":"fr-FR"},{"@type":"Organization","@id":"https:\/\/www.portovenere.fr\/fr-fr\/#organization","name":"Porto Venere - Carrelage Usine Center SARL","url":"https:\/\/www.portovenere.fr\/fr-fr\/","logo":{"@type":"ImageObject","inLanguage":"fr-FR","@id":"https:\/\/www.portovenere.fr\/fr-fr\/#\/schema\/logo\/image\/","url":"https:\/\/www.portovenere.fr\/fr-fr\/wp-content\/uploads\/2019\/05\/logo3.png","contentUrl":"https:\/\/www.portovenere.fr\/fr-fr\/wp-content\/uploads\/2019\/05\/logo3.png","width":388,"height":120,"caption":"Porto Venere - Carrelage Usine Center SARL"},"image":{"@id":"https:\/\/www.portovenere.fr\/fr-fr\/#\/schema\/logo\/image\/"},"sameAs":["https:\/\/www.facebook.com\/portovenere34\/","https:\/\/www.instagram.com\/porto.venere\/","https:\/\/www.linkedin.com\/company\/porto-venere-montpellier\/","https:\/\/www.pinterest.fr\/portovenere34\/"]}]}},"_links":{"self":[{"href":"https:\/\/www.portovenere.fr\/fr-fr\/wp-json\/wp\/v2\/pages\/5916","targetHints":{"allow":["GET"]}}],"collection":[{"href":"https:\/\/www.portovenere.fr\/fr-fr\/wp-json\/wp\/v2\/pages"}],"about":[{"href":"https:\/\/www.portovenere.fr\/fr-fr\/wp-json\/wp\/v2\/types\/page"}],"author":[{"embeddable":true,"href":"https:\/\/www.portovenere.fr\/fr-fr\/wp-json\/wp\/v2\/users\/2"}],"replies":[{"embeddable":true,"href":"https:\/\/www.portovenere.fr\/fr-fr\/wp-json\/wp\/v2\/comments?post=5916"}],"version-history":[{"count":0,"href":"https:\/\/www.portovenere.fr\/fr-fr\/wp-json\/wp\/v2\/pages\/5916\/revisions"}],"up":[{"embeddable":true,"href":"https:\/\/www.portovenere.fr\/fr-fr\/wp-json\/wp\/v2\/pages\/5053"}],"wp:featuredmedia":[{"embeddable":true,"href":"https:\/\/www.portovenere.fr\/fr-fr\/wp-json\/wp\/v2\/media\/24090"}],"wp:attachment":[{"href":"https:\/\/www.portovenere.fr\/fr-fr\/wp-json\/wp\/v2\/media?parent=5916"}],"curies":[{"name":"wp","href":"https:\/\/api.w.org\/{rel}","templated":true}]}}